{"id":64,"date":"2026-05-08T15:49:29","date_gmt":"2026-05-08T12:49:29","guid":{"rendered":"http:\/\/www.eblelektrik.com\/?page_id=64"},"modified":"2026-05-11T09:21:02","modified_gmt":"2026-05-11T06:21:02","slug":"solar-spark","status":"publish","type":"page","link":"https:\/\/www.eblelektrik.com\/","title":{"rendered":"Anasayfa"},"content":{"rendered":"\t\t<div data-elementor-type=\"wp-page\" data-elementor-id=\"64\" class=\"elementor elementor-64\">\n\t\t\t\t\t\t<section class=\"elementor-section elementor-top-section elementor-element elementor-element-0870826 elementor-section-boxed elementor-section-height-default elementor-section-height-default elementor-invisible\" data-id=\"0870826\" data-element_type=\"section\" data-e-type=\"section\" id=\"hero-section\" data-settings=\"{&quot;background_background&quot;:&quot;classic&quot;,&quot;animation&quot;:&quot;fadeInUp&quot;}\">\n\t\t\t\t\t\t\t<div class=\"elementor-background-overlay\"><\/div>\n\t\t\t\t\t\t\t<div class=\"elementor-container elementor-column-gap-no\">\n\t\t\t\t\t<div class=\"elementor-column elementor-col-100 elementor-top-column elementor-element elementor-element-aca0889\" data-id=\"aca0889\" data-element_type=\"column\" data-e-type=\"column\">\n\t\t\t<div class=\"elementor-widget-wrap elementor-element-populated\">\n\t\t\t\t\t\t<section class=\"elementor-section elementor-inner-section elementor-element elementor-element-dd5823c elementor-section-full_width elementor-section-height-default elementor-section-height-default\" data-id=\"dd5823c\" data-element_type=\"section\" data-e-type=\"section\">\n\t\t\t\t\t\t<div class=\"elementor-container elementor-column-gap-no\">\n\t\t\t\t\t<div class=\"elementor-column elementor-col-50 elementor-inner-column elementor-element elementor-element-c8cb4bd\" data-id=\"c8cb4bd\" data-element_type=\"column\" data-e-type=\"column\" data-settings=\"{&quot;animation&quot;:&quot;none&quot;}\">\n\t\t\t<div class=\"elementor-widget-wrap elementor-element-populated\">\n\t\t\t\t\t\t<div class=\"elementor-element elementor-element-d0253d9 elementor-widget__width-inherit elementor-widget elementor-widget-heading\" data-id=\"d0253d9\" data-element_type=\"widget\" data-e-type=\"widget\" data-widget_type=\"heading.default\">\n\t\t\t\t\t<span class=\"elementor-heading-title elementor-size-default\">Can ve mal g\u00fcvenli\u011finiz i\u00e7in\ndo\u011fru m\u00fchendislik, ak\u0131lc\u0131 \u00e7\u00f6z\u00fcmler<\/span>\t\t\t\t<\/div>\n\t\t\t\t\t<\/div>\n\t\t<\/div>\n\t\t\t\t<div class=\"elementor-column elementor-col-50 elementor-inner-column elementor-element elementor-element-74a841c\" data-id=\"74a841c\" data-element_type=\"column\" data-e-type=\"column\">\n\t\t\t<div class=\"elementor-widget-wrap\">\n\t\t\t\t\t\t\t<\/div>\n\t\t<\/div>\n\t\t\t\t\t<\/div>\n\t\t<\/section>\n\t\t\t\t\t<\/div>\n\t\t<\/div>\n\t\t\t\t\t<\/div>\n\t\t<\/section>\n\t\t\t\t<section class=\"elementor-section elementor-top-section elementor-element elementor-element-b5ac8fa elementor-section-boxed elementor-section-height-default elementor-section-height-default\" data-id=\"b5ac8fa\" data-element_type=\"section\" data-e-type=\"section\" id=\"info-section\" data-settings=\"{&quot;background_background&quot;:&quot;classic&quot;}\">\n\t\t\t\t\t\t<div class=\"elementor-container elementor-column-gap-no\">\n\t\t\t\t\t<div class=\"elementor-column elementor-col-50 elementor-top-column elementor-element elementor-element-722e83b\" data-id=\"722e83b\" data-element_type=\"column\" data-e-type=\"column\">\n\t\t\t<div class=\"elementor-widget-wrap elementor-element-populated\">\n\t\t\t\t\t\t<section class=\"elementor-section elementor-inner-section elementor-element elementor-element-3415456 elementor-section-boxed elementor-section-height-default elementor-section-height-default elementor-invisible\" data-id=\"3415456\" data-element_type=\"section\" data-e-type=\"section\" data-settings=\"{&quot;background_background&quot;:&quot;classic&quot;,&quot;animation&quot;:&quot;fadeInLeft&quot;,&quot;animation_tablet&quot;:&quot;fadeInLeft&quot;}\">\n\t\t\t\t\t\t\t<div class=\"elementor-background-overlay\"><\/div>\n\t\t\t\t\t\t\t<div class=\"elementor-container elementor-column-gap-no\">\n\t\t\t\t\t<div class=\"elementor-column elementor-col-100 elementor-inner-column elementor-element elementor-element-bf8676d\" data-id=\"bf8676d\" data-element_type=\"column\" data-e-type=\"column\">\n\t\t\t<div class=\"elementor-widget-wrap elementor-element-populated\">\n\t\t\t\t\t\t<div class=\"elementor-element elementor-element-a274efe elementor-widget elementor-widget-image\" data-id=\"a274efe\" data-element_type=\"widget\" data-e-type=\"widget\" data-widget_type=\"image.default\">\n\t\t\t\t\t\t\t\t\t\t\t\t\t\t\t<img decoding=\"async\" width=\"50\" height=\"50\" src=\"https:\/\/www.eblelektrik.com\/wp-content\/uploads\/2024\/03\/32e609f0-pin.png\" class=\"attachment-full size-full wp-image-31\" alt=\"\" \/>\t\t\t\t\t\t\t\t\t\t\t\t\t\t\t<\/div>\n\t\t\t\t<div class=\"elementor-element elementor-element-750f960 elementor-widget elementor-widget-heading\" data-id=\"750f960\" data-element_type=\"widget\" data-e-type=\"widget\" data-widget_type=\"heading.default\">\n\t\t\t\t\t<h2 class=\"elementor-heading-title elementor-size-default\">1.350<\/h2>\t\t\t\t<\/div>\n\t\t\t\t<div class=\"elementor-element elementor-element-18b9e5e elementor-widget elementor-widget-heading\" data-id=\"18b9e5e\" data-element_type=\"widget\" data-e-type=\"widget\" data-widget_type=\"heading.default\">\n\t\t\t\t\t<h3 class=\"elementor-heading-title elementor-size-default\">Son 5 Y\u0131lda Tamamlanan Projeler<\/h3>\t\t\t\t<\/div>\n\t\t\t\t\t<\/div>\n\t\t<\/div>\n\t\t\t\t\t<\/div>\n\t\t<\/section>\n\t\t\t\t<section class=\"elementor-section elementor-inner-section elementor-element elementor-element-5e7b83a elementor-section-boxed elementor-section-height-default elementor-section-height-default elementor-invisible\" data-id=\"5e7b83a\" data-element_type=\"section\" data-e-type=\"section\" data-settings=\"{&quot;background_background&quot;:&quot;classic&quot;,&quot;animation&quot;:&quot;fadeInLeft&quot;,&quot;animation_tablet&quot;:&quot;fadeInLeft&quot;}\">\n\t\t\t\t\t\t\t<div class=\"elementor-background-overlay\"><\/div>\n\t\t\t\t\t\t\t<div class=\"elementor-container elementor-column-gap-no\">\n\t\t\t\t\t<div class=\"elementor-column elementor-col-100 elementor-inner-column elementor-element elementor-element-c54f51d\" data-id=\"c54f51d\" data-element_type=\"column\" data-e-type=\"column\">\n\t\t\t<div class=\"elementor-widget-wrap elementor-element-populated\">\n\t\t\t\t\t\t<div class=\"elementor-element elementor-element-1841330 elementor-widget elementor-widget-image\" data-id=\"1841330\" data-element_type=\"widget\" data-e-type=\"widget\" data-widget_type=\"image.default\">\n\t\t\t\t\t\t\t\t\t\t\t\t\t\t\t<img decoding=\"async\" width=\"50\" height=\"50\" src=\"https:\/\/www.eblelektrik.com\/wp-content\/uploads\/2024\/03\/32e609f0-pin.png\" class=\"attachment-full size-full wp-image-31\" alt=\"\" \/>\t\t\t\t\t\t\t\t\t\t\t\t\t\t\t<\/div>\n\t\t\t\t<div class=\"elementor-element elementor-element-2d3681e elementor-widget elementor-widget-heading\" data-id=\"2d3681e\" data-element_type=\"widget\" data-e-type=\"widget\" data-widget_type=\"heading.default\">\n\t\t\t\t\t<h2 class=\"elementor-heading-title elementor-size-default\">5.200<\/h2>\t\t\t\t<\/div>\n\t\t\t\t<div class=\"elementor-element elementor-element-749b0c8 elementor-widget elementor-widget-heading\" data-id=\"749b0c8\" data-element_type=\"widget\" data-e-type=\"widget\" data-widget_type=\"heading.default\">\n\t\t\t\t\t<h3 class=\"elementor-heading-title elementor-size-default\">Bize G\u00fcvenen Mutlu M\u00fc\u015fteri<\/h3>\t\t\t\t<\/div>\n\t\t\t\t\t<\/div>\n\t\t<\/div>\n\t\t\t\t\t<\/div>\n\t\t<\/section>\n\t\t\t\t\t<\/div>\n\t\t<\/div>\n\t\t\t\t<div class=\"elementor-column elementor-col-50 elementor-top-column elementor-element elementor-element-758de8d elementor-invisible\" data-id=\"758de8d\" data-element_type=\"column\" data-e-type=\"column\" data-settings=\"{&quot;animation&quot;:&quot;fadeInRight&quot;}\">\n\t\t\t<div class=\"elementor-widget-wrap elementor-element-populated\">\n\t\t\t\t\t\t<div class=\"elementor-element elementor-element-3f0d6a3 elementor-widget elementor-widget-heading\" data-id=\"3f0d6a3\" data-element_type=\"widget\" data-e-type=\"widget\" data-widget_type=\"heading.default\">\n\t\t\t\t\t<h1 class=\"elementor-heading-title elementor-size-default\">Profesyonel\nek\u0130b\u0130m\u0130z \u0130le\n\n7\/24\nh\u0130zmet\u0130n\u0130zdey\u0130z ! <\/h1>\t\t\t\t<\/div>\n\t\t\t\t<div class=\"elementor-element elementor-element-13da1b5 elementor-widget elementor-widget-image\" data-id=\"13da1b5\" data-element_type=\"widget\" data-e-type=\"widget\" data-widget_type=\"image.default\">\n\t\t\t\t\t\t\t\t\t\t\t\t\t\t\t<img fetchpriority=\"high\" decoding=\"async\" width=\"2560\" height=\"1702\" src=\"https:\/\/www.eblelektrik.com\/wp-content\/uploads\/2026\/05\/pexels-eduardo-t-412104516-14993227-scaled.jpg\" class=\"attachment-full size-full wp-image-204\" alt=\"\" srcset=\"https:\/\/www.eblelektrik.com\/wp-content\/uploads\/2026\/05\/pexels-eduardo-t-412104516-14993227-scaled.jpg 2560w, https:\/\/www.eblelektrik.com\/wp-content\/uploads\/2026\/05\/pexels-eduardo-t-412104516-14993227-300x199.jpg 300w, https:\/\/www.eblelektrik.com\/wp-content\/uploads\/2026\/05\/pexels-eduardo-t-412104516-14993227-1024x681.jpg 1024w, https:\/\/www.eblelektrik.com\/wp-content\/uploads\/2026\/05\/pexels-eduardo-t-412104516-14993227-768x511.jpg 768w, https:\/\/www.eblelektrik.com\/wp-content\/uploads\/2026\/05\/pexels-eduardo-t-412104516-14993227-1536x1021.jpg 1536w, https:\/\/www.eblelektrik.com\/wp-content\/uploads\/2026\/05\/pexels-eduardo-t-412104516-14993227-2048x1362.jpg 2048w\" sizes=\"(max-width: 2560px) 100vw, 2560px\" \/>\t\t\t\t\t\t\t\t\t\t\t\t\t\t\t<\/div>\n\t\t\t\t<div class=\"elementor-element elementor-element-7ec10a6 elementor-widget elementor-widget-text-editor\" data-id=\"7ec10a6\" data-element_type=\"widget\" data-e-type=\"widget\" data-widget_type=\"text-editor.default\">\n\t\t\t\t\t\t\t\t\t<p><span class=\"a_GcMg font-feature-liga-off font-feature-clig-off font-feature-calt-off text-decoration-none text-strikethrough-none\">Tecr\u00fcbeli m\u00fchendis kadromuz, dinamik teknisyenlerimiz ile sorunlar\u0131n\u0131za \u00e7\u00f6z\u00fcm oluyoruz.<\/span><\/p><p><span class=\"a_GcMg font-feature-liga-off font-feature-clig-off font-feature-calt-off text-decoration-none text-strikethrough-none\">30 y\u0131ll\u0131k tecr\u00fcbemiz ve g\u00fc\u00e7l\u00fc m\u00fchendislik kadromuzla, i\u015fletmenize elektrik sistemleri konusunda end\u00fcstriyel bazda \u00e7\u00f6z\u00fcm orta\u011f\u0131n\u0131z olmaktan mutluluk duyar\u0131z. Sizin i\u00e7in bak\u0131m ve ar\u0131za servisleri sunuyor, dan\u0131\u015fmanl\u0131k hizmeti veriyor ve enerji verimlili\u011fi \u00e7al\u0131\u015fmalar\u0131na odaklan\u0131yoruz.<\/span><\/p>\t\t\t\t\t\t\t\t<\/div>\n\t\t\t\t\t<\/div>\n\t\t<\/div>\n\t\t\t\t\t<\/div>\n\t\t<\/section>\n\t\t<div class=\"elementor-element elementor-element-03eb849 e-flex e-con-boxed elementor-invisible e-con e-parent\" data-id=\"03eb849\" data-element_type=\"container\" data-e-type=\"container\" data-settings=\"{&quot;animation&quot;:&quot;fadeInDown&quot;}\">\n\t\t\t\t\t<div class=\"e-con-inner\">\n\t\t\t\t\t\n<hr class=\"e-fad40bc-4f39452 e-divider-base\" data-interaction-id=\"fad40bc\"   \/>\n\t\t\t\t\t<\/div>\n\t\t\t\t<\/div>\n\t\t<div class=\"elementor-element elementor-element-5d84dd6 e-grid e-con-boxed elementor-invisible e-con e-parent\" data-id=\"5d84dd6\" data-element_type=\"container\" data-e-type=\"container\" data-settings=\"{&quot;animation&quot;:&quot;fadeInDown&quot;}\">\n\t\t\t\t\t<div class=\"e-con-inner\">\n\t\t\t\t\t\t\t\t<p class=\"e-0fcf602-1f193bd e-paragraph-base\" data-interaction-id=\"0fcf602\"  >\n\t\t\t\t\t\t\t\tFirmam\u0131z, elektrikli ara\u00e7 \u015farj istasyonlar\u0131 kurulumu konusunda uzmanla\u015fm\u0131\u015f bir ekip ile hizmet vermektedir.Yenilik\u00e7i \u00e7\u00f6z\u00fcmlerimizle s\u00fcrd\u00fcr\u00fclebilir bir gelecek i\u00e7in \u00e7al\u0131\u015f\u0131yoruz.\n\t\t\t\t\t<\/p>\n\t\t\t\t\t\t\t\t<p class=\"e-033dd76-a37a61e e-paragraph-base\" data-interaction-id=\"033dd76\"  >\n\t\t\t\t\t\t\t\t<br>Elektrikli \u015farj istasyonu kurulumu<br>Dan\u0131\u015fmanl\u0131k ve proje y\u00f6netimi<br>Bak\u0131m ve destek hizmetleri<br>\u00d6zelle\u015ftirilmi\u015f \u015farj \u00e7\u00f6z\u00fcmler\n\t\t\t\t\t<\/p>\n\t\t\t\t\t\t\t\t<p class=\"e-5c9991e-28678f8 e-paragraph-base\" data-interaction-id=\"5c9991e\"  >\n\t\t\t\t\t\t\t\t<br>Deneyimli ve profesyonel ekipKaliteli ve g\u00fcvenilir \u00fcr\u00fcnlerM\u00fc\u015fteri odakl\u0131 hizmet anlay\u0131\u015f\u0131Rekabet\u00e7i fiyatlar ve esnek \u00f6deme se\u00e7enekleri\n\t\t\t\t\t<\/p>\n\t\t\t\t\t<\/div>\n\t\t\t\t<\/div>\n\t\t\t\t<section class=\"elementor-section elementor-top-section elementor-element elementor-element-0ba8f28 animated-slow elementor-section-boxed elementor-section-height-default elementor-section-height-default elementor-invisible\" data-id=\"0ba8f28\" data-element_type=\"section\" data-e-type=\"section\" id=\"parallax-section\" data-settings=\"{&quot;animation&quot;:&quot;fadeIn&quot;}\">\n\t\t\t\t\t\t\t<div class=\"elementor-background-overlay\"><\/div>\n\t\t\t\t\t\t\t<div class=\"elementor-container elementor-column-gap-no\">\n\t\t\t\t\t<div class=\"elementor-column elementor-col-100 elementor-top-column elementor-element elementor-element-d337675\" data-id=\"d337675\" data-element_type=\"column\" data-e-type=\"column\">\n\t\t\t<div class=\"elementor-widget-wrap elementor-element-populated\">\n\t\t\t\t<div class=\"elementor-element elementor-element-9192dae e-con-full e-flex e-con e-parent\" data-id=\"9192dae\" data-element_type=\"container\" data-e-type=\"container\">\n\t\t<div class=\"elementor-element elementor-element-82baa2e e-con-full e-flex e-con e-child\" data-id=\"82baa2e\" data-element_type=\"container\" data-e-type=\"container\">\n\t\t\t\t\t\t\t\n\t\t\t<img class=\"e-image-base e-3fdf35f-d8276f4\" \n\t\t\t\t\tdata-interaction-id=\"3fdf35f\" \n\t\t \n\t\t \n\t\t\t\t\t\t\t\t\tid=\"165\"\n\t\t\t\t\t\t\t\t\t\t\t\tsrc=\"https:\/\/www.eblelektrik.com\/wp-content\/uploads\/2026\/05\/abbpng.png\"\n\t\t\t\t\t\t\t\t\t\t\t\twidth=\"2400\"\n\t\t\t\t\t\t\t\t\t\t\t\theight=\"1274\"\n\t\t\t\t\t\t\t\t\t\t\t\tsrcset=\"https:\/\/www.eblelektrik.com\/wp-content\/uploads\/2026\/05\/abbpng.png 2400w, https:\/\/www.eblelektrik.com\/wp-content\/uploads\/2026\/05\/abbpng-300x159.png 300w, https:\/\/www.eblelektrik.com\/wp-content\/uploads\/2026\/05\/abbpng-1024x544.png 1024w, https:\/\/www.eblelektrik.com\/wp-content\/uploads\/2026\/05\/abbpng-768x408.png 768w, https:\/\/www.eblelektrik.com\/wp-content\/uploads\/2026\/05\/abbpng-1536x815.png 1536w, https:\/\/www.eblelektrik.com\/wp-content\/uploads\/2026\/05\/abbpng-2048x1087.png 2048w\"\n\t\t\t\t\t\t\t\t\t\t\t\talt=\"\"\n\t\t\t\t\t\t\/>\n\t\t\t\t\t<\/div>\n\t\t<div class=\"elementor-element elementor-element-0cb653d e-con-full e-flex e-con e-child\" data-id=\"0cb653d\" data-element_type=\"container\" data-e-type=\"container\">\n\t\t\t\t\t\t\t\n\t\t\t<img class=\"e-image-base e-cedf9e0-bc45ea0\" \n\t\t\t\t\tdata-interaction-id=\"cedf9e0\" \n\t\t \n\t\t \n\t\t\t\t\t\t\t\t\tid=\"163\"\n\t\t\t\t\t\t\t\t\t\t\t\tsrc=\"https:\/\/www.eblelektrik.com\/wp-content\/uploads\/2026\/05\/Schneider_Electric_2007.svg_-scaled.png\"\n\t\t\t\t\t\t\t\t\t\t\t\twidth=\"2560\"\n\t\t\t\t\t\t\t\t\t\t\t\theight=\"773\"\n\t\t\t\t\t\t\t\t\t\t\t\tsrcset=\"https:\/\/www.eblelektrik.com\/wp-content\/uploads\/2026\/05\/Schneider_Electric_2007.svg_-scaled.png 2560w, https:\/\/www.eblelektrik.com\/wp-content\/uploads\/2026\/05\/Schneider_Electric_2007.svg_-300x91.png 300w, https:\/\/www.eblelektrik.com\/wp-content\/uploads\/2026\/05\/Schneider_Electric_2007.svg_-1024x309.png 1024w, https:\/\/www.eblelektrik.com\/wp-content\/uploads\/2026\/05\/Schneider_Electric_2007.svg_-768x232.png 768w, https:\/\/www.eblelektrik.com\/wp-content\/uploads\/2026\/05\/Schneider_Electric_2007.svg_-1536x464.png 1536w, https:\/\/www.eblelektrik.com\/wp-content\/uploads\/2026\/05\/Schneider_Electric_2007.svg_-2048x619.png 2048w\"\n\t\t\t\t\t\t\t\t\t\t\t\talt=\"\"\n\t\t\t\t\t\t\/>\n\t\t\t\t\t<\/div>\n\t\t<div class=\"elementor-element elementor-element-0fb310d e-con-full e-flex e-con e-child\" data-id=\"0fb310d\" data-element_type=\"container\" data-e-type=\"container\">\n\t\t\t\t\t\t\t\n\t\t\t<img class=\"e-image-base \" \n\t\t\t\t\tdata-interaction-id=\"041c1f7\" \n\t\t \n\t\t \n\t\t\t\t\t\t\t\t\tid=\"166\"\n\t\t\t\t\t\t\t\t\t\t\t\tsrc=\"https:\/\/www.eblelektrik.com\/wp-content\/uploads\/2026\/05\/Siemens-Logo.png\"\n\t\t\t\t\t\t\t\t\t\t\t\twidth=\"1800\"\n\t\t\t\t\t\t\t\t\t\t\t\theight=\"600\"\n\t\t\t\t\t\t\t\t\t\t\t\tsrcset=\"https:\/\/www.eblelektrik.com\/wp-content\/uploads\/2026\/05\/Siemens-Logo.png 1800w, https:\/\/www.eblelektrik.com\/wp-content\/uploads\/2026\/05\/Siemens-Logo-300x100.png 300w, https:\/\/www.eblelektrik.com\/wp-content\/uploads\/2026\/05\/Siemens-Logo-1024x341.png 1024w, https:\/\/www.eblelektrik.com\/wp-content\/uploads\/2026\/05\/Siemens-Logo-768x256.png 768w, https:\/\/www.eblelektrik.com\/wp-content\/uploads\/2026\/05\/Siemens-Logo-1536x512.png 1536w\"\n\t\t\t\t\t\t\t\t\t\t\t\talt=\"\"\n\t\t\t\t\t\t\/>\n\t\t\t\t\t<\/div>\n\t\t\t\t<\/div>\n\t\t<div class=\"elementor-element elementor-element-572f2e3 e-con-full e-flex e-con e-parent\" data-id=\"572f2e3\" data-element_type=\"container\" data-e-type=\"container\">\n\t\t<div class=\"elementor-element elementor-element-41348e3 e-con-full e-flex e-con e-child\" data-id=\"41348e3\" data-element_type=\"container\" data-e-type=\"container\">\n\t\t\t\t\t\t\t\n\t\t\t<img class=\"e-image-base e-444c6b8-5d78fdd\" \n\t\t\t\t\tdata-interaction-id=\"444c6b8\" \n\t\t \n\t\t \n\t\t\t\t\t\t\t\t\tid=\"170\"\n\t\t\t\t\t\t\t\t\t\t\t\tsrc=\"https:\/\/www.eblelektrik.com\/wp-content\/uploads\/2026\/05\/trugo.png\"\n\t\t\t\t\t\t\t\t\t\t\t\twidth=\"256\"\n\t\t\t\t\t\t\t\t\t\t\t\theight=\"256\"\n\t\t\t\t\t\t\t\t\t\t\t\tsrcset=\"https:\/\/www.eblelektrik.com\/wp-content\/uploads\/2026\/05\/trugo.png 256w, https:\/\/www.eblelektrik.com\/wp-content\/uploads\/2026\/05\/trugo-150x150.png 150w, https:\/\/www.eblelektrik.com\/wp-content\/uploads\/2026\/05\/trugo-100x100.png 100w, https:\/\/www.eblelektrik.com\/wp-content\/uploads\/2026\/05\/trugo-200x200.png 200w\"\n\t\t\t\t\t\t\t\t\t\t\t\talt=\"\"\n\t\t\t\t\t\t\/>\n\t\t\t\t\t<\/div>\n\t\t<div class=\"elementor-element elementor-element-e6a8060 e-con-full e-flex e-con e-child\" data-id=\"e6a8060\" data-element_type=\"container\" data-e-type=\"container\">\n\t\t\t\t\t\t\t\n\t\t\t<img class=\"e-image-base e-331cde4-101fb86\" \n\t\t\t\t\tdata-interaction-id=\"331cde4\" \n\t\t \n\t\t \n\t\t\t\t\t\t\t\t\tid=\"174\"\n\t\t\t\t\t\t\t\t\t\t\t\tsrc=\"https:\/\/www.eblelektrik.com\/wp-content\/uploads\/2026\/05\/Vestel-logo-scaled.png\"\n\t\t\t\t\t\t\t\t\t\t\t\twidth=\"2560\"\n\t\t\t\t\t\t\t\t\t\t\t\theight=\"1440\"\n\t\t\t\t\t\t\t\t\t\t\t\tsrcset=\"https:\/\/www.eblelektrik.com\/wp-content\/uploads\/2026\/05\/Vestel-logo-scaled.png 2560w, https:\/\/www.eblelektrik.com\/wp-content\/uploads\/2026\/05\/Vestel-logo-300x169.png 300w, https:\/\/www.eblelektrik.com\/wp-content\/uploads\/2026\/05\/Vestel-logo-1024x576.png 1024w, https:\/\/www.eblelektrik.com\/wp-content\/uploads\/2026\/05\/Vestel-logo-768x432.png 768w, https:\/\/www.eblelektrik.com\/wp-content\/uploads\/2026\/05\/Vestel-logo-1536x864.png 1536w, https:\/\/www.eblelektrik.com\/wp-content\/uploads\/2026\/05\/Vestel-logo-2048x1152.png 2048w\"\n\t\t\t\t\t\t\t\t\t\t\t\talt=\"\"\n\t\t\t\t\t\t\/>\n\t\t\t\t\t<\/div>\n\t\t<div class=\"elementor-element elementor-element-768afd6 e-con-full e-flex e-con e-child\" data-id=\"768afd6\" data-element_type=\"container\" data-e-type=\"container\">\n\t\t\t\t\t\t\t\n\t\t\t<img class=\"e-image-base \" \n\t\t\t\t\tdata-interaction-id=\"2478740\" \n\t\t \n\t\t \n\t\t\t\t\t\t\t\t\tid=\"193\"\n\t\t\t\t\t\t\t\t\t\t\t\tsrc=\"https:\/\/www.eblelektrik.com\/wp-content\/uploads\/2026\/05\/go-e.png\"\n\t\t\t\t\t\t\t\t\t\t\t\twidth=\"308\"\n\t\t\t\t\t\t\t\t\t\t\t\theight=\"154\"\n\t\t\t\t\t\t\t\t\t\t\t\tsrcset=\"https:\/\/www.eblelektrik.com\/wp-content\/uploads\/2026\/05\/go-e.png 308w, https:\/\/www.eblelektrik.com\/wp-content\/uploads\/2026\/05\/go-e-300x150.png 300w\"\n\t\t\t\t\t\t\t\t\t\t\t\talt=\"\"\n\t\t\t\t\t\t\/>\n\t\t\t\t\t<\/div>\n\t\t\t\t<\/div>\n\t\t\t\t\t<\/div>\n\t\t<\/div>\n\t\t\t\t\t<\/div>\n\t\t<\/section>\n\t\t<div class=\"elementor-element elementor-element-0c24e6c e-flex e-con-boxed elementor-invisible e-con e-parent\" data-id=\"0c24e6c\" data-element_type=\"container\" data-e-type=\"container\" data-settings=\"{&quot;animation&quot;:&quot;fadeInDown&quot;}\">\n\t\t\t\t\t<div class=\"e-con-inner\">\n\t\t<div class=\"elementor-element elementor-element-547b431 e-con-full e-flex e-con e-child\" data-id=\"547b431\" data-element_type=\"container\" data-e-type=\"container\">\n\t\t\t\t<div class=\"elementor-element elementor-element-6e92568 elementor-widget__width-initial elementor-widget elementor-widget-heading\" data-id=\"6e92568\" data-element_type=\"widget\" data-e-type=\"widget\" data-settings=\"{&quot;_animation&quot;:&quot;none&quot;}\" data-widget_type=\"heading.default\">\n\t\t\t\t\t<h2 class=\"elementor-heading-title elementor-size-default\">Ba\u015fl\u0131ca Hizmetlerimiz<\/h2>\t\t\t\t<\/div>\n\t\t\t\t<\/div>\n\t\t\t\t\t<\/div>\n\t\t\t\t<\/div>\n\t\t<div class=\"elementor-element elementor-element-5adb60e e-flex e-con-boxed e-con e-parent\" data-id=\"5adb60e\" data-element_type=\"container\" data-e-type=\"container\">\n\t\t\t\t\t<div class=\"e-con-inner\">\n\t\t<div class=\"elementor-element elementor-element-ed3775f e-con-full e-flex e-con e-child\" data-id=\"ed3775f\" data-element_type=\"container\" data-e-type=\"container\">\n\t\t\t\t<div class=\"elementor-element elementor-element-216ecb1 elementor-invisible elementor-widget elementor-widget-text-editor\" data-id=\"216ecb1\" data-element_type=\"widget\" data-e-type=\"widget\" data-settings=\"{&quot;_animation&quot;:&quot;fadeInLeft&quot;}\" data-widget_type=\"text-editor.default\">\n\t\t\t\t\t\t\t\t\t<p><span style=\"color: #ffc700; font-size: 20px;\">AG OG Elektrik \u0130\u015fleri<\/span><br style=\"color: #ffc700; font-size: 20px;\" \/><span style=\"color: #ffc700; font-size: 20px;\">End\u00fcstriyel Otomasyon<\/span><br style=\"color: #ffc700; font-size: 20px;\" \/><span style=\"color: #ffc700; font-size: 20px;\">KNX Ayd\u0131nlatma Otomasyonu<\/span><br style=\"color: #ffc700; font-size: 20px;\" \/><span style=\"color: #ffc700; font-size: 20px;\">Teknik Dan\u0131\u015fmanl\u0131k<\/span><br style=\"color: #ffc700; font-size: 20px;\" \/><span style=\"color: #ffc700; font-size: 20px;\">G\u00fc\u00e7 Sistemleri Ar\u0131za Bak\u0131m<\/span><br style=\"color: #ffc700; font-size: 20px;\" \/><span style=\"color: #ffc700; font-size: 20px;\">Trafo Ar\u0131za Bak\u0131m<\/span><br style=\"color: #ffc700; font-size: 20px;\" \/><span style=\"color: #ffc700; font-size: 20px;\">Kompanzasyon Kumanda Panolar\u0131<\/span><br style=\"color: #ffc700; font-size: 20px;\" \/><span style=\"color: #ffc700; font-size: 20px;\">Elektrikli Ara\u00e7 \u015earj \u0130stasyonu Kurulumu<\/span><\/p>\t\t\t\t\t\t\t\t<\/div>\n\t\t\t\t<\/div>\n\t\t<div class=\"elementor-element elementor-element-c50920e e-con-full e-flex e-con e-child\" data-id=\"c50920e\" data-element_type=\"container\" data-e-type=\"container\">\n\t\t\t\t<div class=\"elementor-element elementor-element-a0e4f9f elementor-invisible elementor-widget elementor-widget-text-editor\" data-id=\"a0e4f9f\" data-element_type=\"widget\" data-e-type=\"widget\" data-settings=\"{&quot;_animation&quot;:&quot;fadeInRight&quot;}\" data-widget_type=\"text-editor.default\">\n\t\t\t\t\t\t\t\t\t<p style=\"text-align: right;\"><span style=\"color: #ffc700; font-size: 20px; text-align: right;\">Topraklama Paratoner Ar\u0131za Bak\u0131m<\/span><br style=\"color: #ffc700; font-size: 20px; text-align: right;\" \/><span style=\"color: #ffc700; font-size: 20px; text-align: right;\">Busbar Sistemleri<\/span><br style=\"color: #ffc700; font-size: 20px; text-align: right;\" \/><span style=\"color: #ffc700; font-size: 20px; text-align: right;\">Plan Proje Tesisat Tadilat Taahh\u00fct<\/span><br style=\"color: #ffc700; font-size: 20px; text-align: right;\" \/><span style=\"color: #ffc700; font-size: 20px; text-align: right;\">Konut \u0130\u015f Yeri Elektrik Tesisat<\/span><br style=\"color: #ffc700; font-size: 20px; text-align: right;\" \/><span style=\"color: #ffc700; font-size: 20px; text-align: right;\">Elektrik Ar\u0131za<\/span><br style=\"color: #ffc700; font-size: 20px; text-align: right;\" \/><span style=\"color: #ffc700; font-size: 20px; text-align: right;\">Tamirat Tadilat Dekorasyon<br style=\"color: #ffc700; font-size: 20px; text-align: right;\" \/>Zay\u0131f Ak\u0131m (TV,Telefon Santral)\u00a0<br style=\"color: #ffc700; font-size: 20px; text-align: right;\" \/>Profesyonel Tesis Y\u00f6netimi<\/span><\/p>\t\t\t\t\t\t\t\t<\/div>\n\t\t\t\t<\/div>\n\t\t\t\t\t<\/div>\n\t\t\t\t<\/div>\n\t\t\t\t<\/div>\n\t\t","protected":false},"excerpt":{"rendered":"<p>Can ve mal g\u00fcvenli\u011finiz i\u00e7in do\u011fru m\u00fchendislik, ak\u0131lc\u0131 \u00e7\u00f6z\u00fcmler 1.350 Son 5 Y\u0131lda Tamamlanan Projeler 5.200 Bize G\u00fcvenen Mutlu M\u00fc\u015fteri Profesyonel ek\u0130b\u0130m\u0130z \u0130le 7\/24 h\u0130zmet\u0130n\u0130zdey\u0130z ! Tecr\u00fcbeli m\u00fchendis kadromuz, dinamik teknisyenlerimiz ile sorunlar\u0131n\u0131za \u00e7\u00f6z\u00fcm oluyoruz. 30 y\u0131ll\u0131k tecr\u00fcbemiz ve g\u00fc\u00e7l\u00fc m\u00fchendislik kadromuzla, i\u015fletmenize elektrik sistemleri konusunda end\u00fcstriyel bazda \u00e7\u00f6z\u00fcm orta\u011f\u0131n\u0131z olmaktan mutluluk duyar\u0131z. Sizin i\u00e7in [&hellip;]<\/p>\n","protected":false},"author":1,"featured_media":0,"parent":0,"menu_order":0,"comment_status":"closed","ping_status":"closed","template":"elementor_header_footer","meta":{"footnotes":""},"class_list":["post-64","page","type-page","status-publish","hentry"],"_links":{"self":[{"href":"https:\/\/www.eblelektrik.com\/index.php?rest_route=\/wp\/v2\/pages\/64","targetHints":{"allow":["GET"]}}],"collection":[{"href":"https:\/\/www.eblelektrik.com\/index.php?rest_route=\/wp\/v2\/pages"}],"about":[{"href":"https:\/\/www.eblelektrik.com\/index.php?rest_route=\/wp\/v2\/types\/page"}],"author":[{"embeddable":true,"href":"https:\/\/www.eblelektrik.com\/index.php?rest_route=\/wp\/v2\/users\/1"}],"replies":[{"embeddable":true,"href":"https:\/\/www.eblelektrik.com\/index.php?rest_route=%2Fwp%2Fv2%2Fcomments&post=64"}],"version-history":[{"count":54,"href":"https:\/\/www.eblelektrik.com\/index.php?rest_route=\/wp\/v2\/pages\/64\/revisions"}],"predecessor-version":[{"id":223,"href":"https:\/\/www.eblelektrik.com\/index.php?rest_route=\/wp\/v2\/pages\/64\/revisions\/223"}],"wp:attachment":[{"href":"https:\/\/www.eblelektrik.com\/index.php?rest_route=%2Fwp%2Fv2%2Fmedia&parent=64"}],"curies":[{"name":"wp","href":"https:\/\/api.w.org\/{rel}","templated":true}]}}